{"id":4317,"date":"2025-12-02T15:11:53","date_gmt":"2025-12-02T14:11:53","guid":{"rendered":"https:\/\/group-lift.hu\/?page_id=4317"},"modified":"2025-12-02T15:34:03","modified_gmt":"2025-12-02T14:34:03","slug":"rolunk","status":"publish","type":"page","link":"https:\/\/group-lift.hu\/de\/rolunk\/","title":{"rendered":"R\u00f3lunk"},"content":{"rendered":"<div data-elementor-type=\"wp-page\" data-elementor-id=\"4317\" class=\"elementor elementor-4317\" data-elementor-settings=\"{&quot;ha_cmc_init_switcher&quot;:&quot;no&quot;}\" data-elementor-post-type=\"page\">\n\t\t\t\t<div class=\"elementor-element elementor-element-50da63b e-flex e-con-boxed e-con e-parent\" data-id=\"50da63b\" data-element_type=\"container\" data-settings=\"{&quot;background_background&quot;:&quot;classic&quot;,&quot;jet_parallax_layout_list&quot;:[],&quot;_ha_eqh_enable&quot;:false}\">\n\t\t\t\t\t<div class=\"e-con-inner\">\n\t\t<div class=\"elementor-element elementor-element-b191515 e-con-full e-flex e-con e-child\" data-id=\"b191515\" data-element_type=\"container\" data-settings=\"{&quot;jet_parallax_layout_list&quot;:[],&quot;_ha_eqh_enable&quot;:false}\">\n\t\t\t\t<div class=\"elementor-element elementor-element-d6e9f71 ekit-equal-height-disable elementor-widget elementor-widget-elementskit-image-box\" data-id=\"d6e9f71\" data-element_type=\"widget\" data-widget_type=\"elementskit-image-box.default\">\n\t\t\t\t<div class=\"elementor-widget-container\">\n\t\t\t\t\t<div class=\"ekit-wid-con\" >\n            <div class=\"elementskit-info-image-box ekit-image-box text-center simple-card\" >\n\n                \n                <div class=\"elementskit-box-header image-box-img-center\">\n\n                    <img fetchpriority=\"high\" decoding=\"async\" width=\"1536\" height=\"1024\" src=\"https:\/\/group-lift.hu\/wp-content\/uploads\/2025\/10\/9ebb3809-1766-4cd3-9613-e1de047c5ac6.png\" class=\"attachment-full size-full wp-image-3858\" alt=\"\" srcset=\"https:\/\/group-lift.hu\/wp-content\/uploads\/2025\/10\/9ebb3809-1766-4cd3-9613-e1de047c5ac6.png 1536w, https:\/\/group-lift.hu\/wp-content\/uploads\/2025\/10\/9ebb3809-1766-4cd3-9613-e1de047c5ac6-600x400.png 600w\" sizes=\"(max-width: 1536px) 100vw, 1536px\" \/>\n                <\/div>\n                \n                <div class=\"elementskit-box-body ekit-image-box-body\">\n                    <div class=\"elementskit-box-content ekit-image-box-body-inner\">\n                                                <h3 class=\"elementskit-info-box-title\">\n\n                        Panoramamagazin.hu\n                        \n                    <\/h3>\n                                                            <div class=\"elementskit-box-style-content\">\n                        Gondoljunk csak bele: nap mint nap csal\u00e1dok, id\u0151sek, gyermekek vagy mozg\u00e1sukban korl\u00e1tozott szem\u00e9lyek haszn\u00e1lj\u00e1k ezeket a berendez\u00e9seket. A hirtelen meghib\u00e1sod\u00e1s nemcsak kellemetlens\u00e9get, hanem val\u00f3di vesz\u00e9lyt is jelenthet. A karbantart\u00e1s sor\u00e1n a szakemberek alaposan \u00e1tvizsg\u00e1lj\u00e1k a lift minden elem\u00e9t \u2013 f\u00e9keket, ajt\u00f3z\u00e1rakat, vez\u00e9rl\u00e9st, k\u00e1beleket \u2013, \u00edgy garant\u00e1lva, hogy a rendszer megb\u00edzhat\u00f3an m\u0171k\u00f6dj\u00f6n.                    <\/div>\n                                    <\/div>\n\n                                <div class=\"elementskit-box-footer\">\n                    <div class=\"box-footer\">\n                        <div class=\"btn-wraper\">\n                                                            <a href=\"https:\/\/panoramamagazin.hu\/miert-fontos-a-liftek-karbantartasa\/\" class=\"elementskit-btn whitespace--normal\" target=\"_blank\" rel=\"noopener\">\n                                    \n                                    \n                                    Elolvasom                                <\/a>\n                                                        <\/div>\n                    <\/div>\n                <\/div>\n                            <\/div>\n            <\/div>\n    <\/div>\t\t\t\t<\/div>\n\t\t\t\t<\/div>\n\t\t\t\t<\/div>\n\t\t<div class=\"elementor-element elementor-element-02e9462 e-con-full e-flex e-con e-child\" data-id=\"02e9462\" data-element_type=\"container\" data-settings=\"{&quot;jet_parallax_layout_list&quot;:[],&quot;_ha_eqh_enable&quot;:false}\">\n\t\t\t\t<div class=\"elementor-element elementor-element-77e4d81 ekit-equal-height-disable elementor-widget elementor-widget-elementskit-image-box\" data-id=\"77e4d81\" data-element_type=\"widget\" data-widget_type=\"elementskit-image-box.default\">\n\t\t\t\t<div class=\"elementor-widget-container\">\n\t\t\t\t\t<div class=\"ekit-wid-con\" >\n            <div class=\"elementskit-info-image-box ekit-image-box text-center simple-card\" >\n\n                \n                <div class=\"elementskit-box-header image-box-img-center\">\n\n                    <img decoding=\"async\" width=\"1550\" height=\"1033\" src=\"https:\/\/group-lift.hu\/wp-content\/uploads\/2025\/12\/liftek-szervizeles-group-lift-kft.jpg\" class=\"attachment-full size-full wp-image-4322\" alt=\"\" srcset=\"https:\/\/group-lift.hu\/wp-content\/uploads\/2025\/12\/liftek-szervizeles-group-lift-kft.jpg 1550w, https:\/\/group-lift.hu\/wp-content\/uploads\/2025\/12\/liftek-szervizeles-group-lift-kft-300x200.jpg 300w, https:\/\/group-lift.hu\/wp-content\/uploads\/2025\/12\/liftek-szervizeles-group-lift-kft-1024x682.jpg 1024w, https:\/\/group-lift.hu\/wp-content\/uploads\/2025\/12\/liftek-szervizeles-group-lift-kft-768x512.jpg 768w, https:\/\/group-lift.hu\/wp-content\/uploads\/2025\/12\/liftek-szervizeles-group-lift-kft-1536x1024.jpg 1536w, https:\/\/group-lift.hu\/wp-content\/uploads\/2025\/12\/liftek-szervizeles-group-lift-kft-18x12.jpg 18w, https:\/\/group-lift.hu\/wp-content\/uploads\/2025\/12\/liftek-szervizeles-group-lift-kft-370x247.jpg 370w\" sizes=\"(max-width: 1550px) 100vw, 1550px\" \/>\n                <\/div>\n                \n                <div class=\"elementskit-box-body ekit-image-box-body\">\n                    <div class=\"elementskit-box-content ekit-image-box-body-inner\">\n                                                <h3 class=\"elementskit-info-box-title\">\n\n                        Lakbermagazin.hu\n                        \n                    <\/h3>\n                                                            <div class=\"elementskit-box-style-content\">\n                        A lift szerviz alkalm\u00e1val a szakemberek nemcsak ellen\u0151rzik a m\u0171k\u00f6d\u00e9st, hanem c\u00e9lzott beavatkoz\u00e1sokkal biztos\u00edtj\u00e1k, hogy az adott berendez\u00e9s hossz\u00fa t\u00e1von is megb\u00edzhat\u00f3 maradjon mindenki legnagyobb \u00f6r\u00f6m\u00e9re, hiszen ez az \u00fczemeltet\u0151 \u00e9s a nap, mint nap liftbe sz\u00e1ll\u00f3k \u00e9rdeke. Olvasd el az eg\u00e9sz cikket!                    <\/div>\n                                    <\/div>\n\n                                <div class=\"elementskit-box-footer\">\n                    <div class=\"box-footer\">\n                        <div class=\"btn-wraper\">\n                                                            <a href=\"https:\/\/lakbermagazin.hu\/hirek\/miert-fontos-a-liftek-szervizelese-ingyenes-arajanlat-a-group-lift-kft-tol\" class=\"elementskit-btn whitespace--normal\" target=\"_blank\" rel=\"noopener\">\n                                    \n                                    \n                                    Elolvasom                                <\/a>\n                                                        <\/div>\n                    <\/div>\n                <\/div>\n                            <\/div>\n            <\/div>\n    <\/div>\t\t\t\t<\/div>\n\t\t\t\t<\/div>\n\t\t\t\t<\/div>\n\t\t\t\t\t<\/div>\n\t\t\t\t<\/div>\n\t\t\t\t<section class=\"elementor-section elementor-top-section elementor-element elementor-element-e881db4 elementor-section-boxed elementor-section-height-default elementor-section-height-default\" data-id=\"e881db4\" data-element_type=\"section\" data-settings=\"{&quot;jet_parallax_layout_list&quot;:[{&quot;jet_parallax_layout_image&quot;:{&quot;url&quot;:&quot;&quot;,&quot;id&quot;:&quot;&quot;,&quot;size&quot;:&quot;&quot;},&quot;_id&quot;:&quot;5fa3dd5&quot;,&quot;jet_parallax_layout_image_tablet&quot;:{&quot;url&quot;:&quot;&quot;,&quot;id&quot;:&quot;&quot;,&quot;size&quot;:&quot;&quot;},&quot;jet_parallax_layout_image_mobile&quot;:{&quot;url&quot;:&quot;&quot;,&quot;id&quot;:&quot;&quot;,&quot;size&quot;:&quot;&quot;},&quot;jet_parallax_layout_speed&quot;:{&quot;unit&quot;:&quot;%&quot;,&quot;size&quot;:50,&quot;sizes&quot;:[]},&quot;jet_parallax_layout_type&quot;:&quot;scroll&quot;,&quot;jet_parallax_layout_direction&quot;:null,&quot;jet_parallax_layout_fx_direction&quot;:null,&quot;jet_parallax_layout_z_index&quot;:&quot;&quot;,&quot;jet_parallax_layout_bg_x&quot;:50,&quot;jet_parallax_layout_bg_x_tablet&quot;:&quot;&quot;,&quot;jet_parallax_layout_bg_x_mobile&quot;:&quot;&quot;,&quot;jet_parallax_layout_bg_y&quot;:50,&quot;jet_parallax_layout_bg_y_tablet&quot;:&quot;&quot;,&quot;jet_parallax_layout_bg_y_mobile&quot;:&quot;&quot;,&quot;jet_parallax_layout_bg_size&quot;:&quot;auto&quot;,&quot;jet_parallax_layout_bg_size_tablet&quot;:&quot;&quot;,&quot;jet_parallax_layout_bg_size_mobile&quot;:&quot;&quot;,&quot;jet_parallax_layout_animation_prop&quot;:&quot;transform&quot;,&quot;jet_parallax_layout_on&quot;:[&quot;desktop&quot;,&quot;tablet&quot;]}],&quot;_ha_eqh_enable&quot;:false}\">\n\t\t\t\t\t\t<div class=\"elementor-container elementor-column-gap-default\">\n\t\t\t\t\t<div class=\"elementor-column elementor-col-50 elementor-top-column elementor-element elementor-element-0cfee79\" data-id=\"0cfee79\" data-element_type=\"column\">\n\t\t\t<div class=\"elementor-widget-wrap elementor-element-populated\">\n\t\t\t\t\t\t<section class=\"elementor-section elementor-inner-section elementor-element elementor-element-44f5642 elementor-section-boxed elementor-section-height-default elementor-section-height-default\" data-id=\"44f5642\" data-element_type=\"section\" data-settings=\"{&quot;jet_parallax_layout_list&quot;:[{&quot;jet_parallax_layout_image&quot;:{&quot;url&quot;:&quot;&quot;,&quot;id&quot;:&quot;&quot;,&quot;size&quot;:&quot;&quot;},&quot;_id&quot;:&quot;87a94ad&quot;,&quot;jet_parallax_layout_image_tablet&quot;:{&quot;url&quot;:&quot;&quot;,&quot;id&quot;:&quot;&quot;,&quot;size&quot;:&quot;&quot;},&quot;jet_parallax_layout_image_mobile&quot;:{&quot;url&quot;:&quot;&quot;,&quot;id&quot;:&quot;&quot;,&quot;size&quot;:&quot;&quot;},&quot;jet_parallax_layout_speed&quot;:{&quot;unit&quot;:&quot;%&quot;,&quot;size&quot;:50,&quot;sizes&quot;:[]},&quot;jet_parallax_layout_type&quot;:&quot;scroll&quot;,&quot;jet_parallax_layout_direction&quot;:null,&quot;jet_parallax_layout_fx_direction&quot;:null,&quot;jet_parallax_layout_z_index&quot;:&quot;&quot;,&quot;jet_parallax_layout_bg_x&quot;:50,&quot;jet_parallax_layout_bg_x_tablet&quot;:&quot;&quot;,&quot;jet_parallax_layout_bg_x_mobile&quot;:&quot;&quot;,&quot;jet_parallax_layout_bg_y&quot;:50,&quot;jet_parallax_layout_bg_y_tablet&quot;:&quot;&quot;,&quot;jet_parallax_layout_bg_y_mobile&quot;:&quot;&quot;,&quot;jet_parallax_layout_bg_size&quot;:&quot;auto&quot;,&quot;jet_parallax_layout_bg_size_tablet&quot;:&quot;&quot;,&quot;jet_parallax_layout_bg_size_mobile&quot;:&quot;&quot;,&quot;jet_parallax_layout_animation_prop&quot;:&quot;transform&quot;,&quot;jet_parallax_layout_on&quot;:[&quot;desktop&quot;,&quot;tablet&quot;]}],&quot;background_background&quot;:&quot;classic&quot;,&quot;_ha_eqh_enable&quot;:false}\">\n\t\t\t\t\t\t<div class=\"elementor-container elementor-column-gap-default\">\n\t\t\t\t\t<div class=\"elementor-column elementor-col-100 elementor-inner-column elementor-element elementor-element-5223c89\" data-id=\"5223c89\" data-element_type=\"column\">\n\t\t\t<div class=\"elementor-widget-wrap elementor-element-populated\">\n\t\t\t\t\t\t<div class=\"elementor-element elementor-element-8dfbc68 elementor-view-default elementor-position-top elementor-mobile-position-top elementor-widget elementor-widget-icon-box\" data-id=\"8dfbc68\" data-element_type=\"widget\" data-widget_type=\"icon-box.default\">\n\t\t\t\t<div class=\"elementor-widget-container\">\n\t\t\t\t\t\t\t<div class=\"elementor-icon-box-wrapper\">\n\n\t\t\t\t\t\t<div class=\"elementor-icon-box-icon\">\n\t\t\t\t<span  class=\"elementor-icon\">\n\t\t\t\t<svg xmlns=\"http:\/\/www.w3.org\/2000\/svg\" width=\"48\" height=\"48\" viewbox=\"0 0 48 48\" fill=\"none\"><path d=\"M46.2316 12.328C45.0983 9.77802 43.4836 7.51377 41.4325 5.59827C40.768 4.97774 39.8082 6.00552 40.4727 6.62606C42.3851 8.41209 43.8905 10.5226 44.9467 12.8992C46.0397 15.3585 46.5938 17.9807 46.5938 20.6929C46.5938 26.4718 44.0219 31.8975 39.5376 35.5786C39.3749 35.7122 39.2806 35.9116 39.2806 36.1221V41.3992L34.1636 38.928C33.9956 38.8469 33.8024 38.8358 33.6263 38.8972C31.5688 39.6148 29.4124 39.9786 27.2169 39.9786C25.0583 39.9786 22.9461 39.6284 20.9281 38.9391C21.1091 38.1674 21.205 37.3633 21.205 36.5375C21.205 30.7161 16.4488 25.98 10.6026 25.98C9.93281 25.98 9.27347 26.0423 8.63091 26.1621C8.10647 24.3937 7.84003 22.557 7.84003 20.693C7.84003 10.0588 16.5324 1.40727 27.2169 1.40727C30.7913 1.40727 34.2834 2.38349 37.3162 4.23037C38.0926 4.70334 38.824 3.50221 38.0477 3.02934C34.7944 1.04802 31.0492 0.000930786 27.2168 0.000930786C21.666 0.000930786 16.4473 2.15287 12.522 6.06037C8.59584 9.96862 6.43369 15.1653 6.43369 20.6929C6.43369 22.6748 6.71438 24.6283 7.26731 26.5108C4.96978 27.2647 2.97619 28.7919 1.63612 30.9016C1.14872 31.6691 2.33559 32.4229 2.82319 31.6556C4.52119 28.9822 7.42931 27.3862 10.6025 27.3862C15.6733 27.3862 19.7987 31.4915 19.7987 36.5375C19.7987 41.5835 15.6733 45.6887 10.6025 45.6887C9.56034 45.6887 8.53669 45.516 7.56009 45.1753C7.38384 45.1138 7.19081 45.1249 7.02281 45.2061L5.01169 46.1773V44.1438C5.01169 43.9333 4.91738 43.7339 4.75472 43.6003C2.62669 41.8535 1.40625 39.2791 1.40625 36.5374C1.40625 35.9746 1.45856 35.4088 1.56159 34.8559C1.72809 33.9621 0.345937 33.7045 0.179156 34.5981C0.0602813 35.2358 0 35.8883 0 36.5374C0 39.5896 1.30988 42.4614 3.60534 44.4694V47.2977C3.60534 47.8074 4.1565 48.152 4.61428 47.9309L7.37719 46.5966C8.418 46.9273 9.50138 47.0948 10.6024 47.0948C15.1242 47.0948 18.9932 44.2612 20.5145 40.2838C22.6666 41.0138 24.9174 41.3848 27.2168 41.3848C29.4717 41.3848 31.6889 41.0266 33.8116 40.3196L39.6778 43.1528C40.0921 43.3529 40.6868 42.9997 40.6868 42.5196V36.4511C45.3389 32.5071 48 26.7831 48 20.6928C48 17.7826 47.405 14.9683 46.2316 12.328Z\" fill=\"#111318\"><\/path><path d=\"M14.3887 21.092C14.3887 23.0412 15.9745 24.627 17.9237 24.627C19.873 24.627 21.4587 23.0412 21.4587 21.092C21.4587 19.1427 19.873 17.5569 17.9237 17.5569C15.9745 17.5569 14.3887 19.1427 14.3887 21.092ZM20.0525 21.092C20.0525 22.2658 19.0975 23.2208 17.9237 23.2208C16.75 23.2208 15.7949 22.2657 15.7949 21.092C15.7949 19.9182 16.75 18.9632 17.9237 18.9632C19.0975 18.9632 20.0525 19.9182 20.0525 21.092Z\" fill=\"#111318\"><\/path><path d=\"M23.6816 21.092C23.6816 23.0412 25.2674 24.627 27.2167 24.627C29.1659 24.627 30.7517 23.0412 30.7517 21.092C30.7517 19.1427 29.1659 17.5569 27.2167 17.5569C25.2674 17.5569 23.6816 19.1427 23.6816 21.092ZM29.3456 21.092C29.3456 22.2658 28.3905 23.2208 27.2168 23.2208C26.043 23.2208 25.088 22.2657 25.088 21.092C25.088 19.9182 26.043 18.9632 27.2168 18.9632C28.3905 18.9632 29.3456 19.9182 29.3456 21.092Z\" fill=\"#111318\"><\/path><path d=\"M32.9746 21.092C32.9746 23.0412 34.5604 24.627 36.5096 24.627C38.4589 24.627 40.0447 23.0412 40.0447 21.092C40.0447 19.1427 38.4589 17.5569 36.5096 17.5569C34.5604 17.5569 32.9746 19.1427 32.9746 21.092ZM38.6384 21.092C38.6384 22.2658 37.6834 23.2208 36.5096 23.2208C35.3359 23.2208 34.3809 22.2657 34.3809 21.092C34.3809 19.9182 35.3359 18.9632 36.5096 18.9632C37.6834 18.9632 38.6384 19.9182 38.6384 21.092Z\" fill=\"#111318\"><\/path><\/svg>\t\t\t\t<\/span>\n\t\t\t<\/div>\n\t\t\t\n\t\t\t\t\t\t<div class=\"elementor-icon-box-content\">\n\n\t\t\t\t\t\t\t\t\t<div class=\"elementor-icon-box-title\">\n\t\t\t\t\t\t<span  >\n\t\t\t\t\t\t\tKundenservice\t\t\t\t\t\t<\/span>\n\t\t\t\t\t<\/div>\n\t\t\t\t\n\t\t\t\t\t\t\t\t\t<p class=\"elementor-icon-box-description\">\n\t\t\t\t\t\tDie erfahrenen Fachkr\u00e4fte der Group-Lift GmbH sorgen mit jahrzehntelanger Erfahrung daf\u00fcr, dass Ihre Aufz\u00fcge stets auf h\u00f6chstem Niveau funktionieren. Unsere Dienstleistungen umfassen vorbeugende Wartung, schnelle Fehlerbehebung und Modernisierungsl\u00f6sungen.<br>\t\t\t\t\t<\/p>\n\t\t\t\t\n\t\t\t<\/div>\n\t\t\t\n\t\t<\/div>\n\t\t\t\t\t\t<\/div>\n\t\t\t\t<\/div>\n\t\t\t\t<div class=\"elementor-element elementor-element-a1e13a3 elementor-widget elementor-widget-text-editor\" data-id=\"a1e13a3\" data-element_type=\"widget\" data-widget_type=\"text-editor.default\">\n\t\t\t\t<div class=\"elementor-widget-container\">\n\t\t\t\t\t\t\t\t\t<p>\ud83d\udcf1Telefon: <a href=\"http:\/\/tel:+36 1 814 2120\">+36 1 814 2120<\/a><\/p><p>\u2709\ufe0f E-mail: <a href=\"mailto:info@group-lift.hu\">info@group-lift.hu<\/a><\/p><p>\ud83d\udccdIroda: <a style=\"letter-spacing: 0px;\" href=\"https:\/\/www.google.hu\/maps\/dir\/\/Budapest,+Group-Lift+Kft.,+V\u00e1ci+\u00fat+45-C+\u00e9p\u00fclet,+1134\/data=!4m6!4m5!1m1!4e2!1m2!1m1!1s0x40878f84dffa2a7:0xf878e5855d0b9264?sa=X&amp;ved=1t:57443&amp;ictx=111\" target=\"_blank\" rel=\"noopener\">1134 Budapest V\u00e1ci \u00fat 45. (C \u00c9P\u00dcLET)<\/a><\/p>\t\t\t\t\t\t\t\t<\/div>\n\t\t\t\t<\/div>\n\t\t\t\t<div class=\"elementor-element elementor-element-414b703 elementor-widget-divider--view-line elementor-widget elementor-widget-divider\" data-id=\"414b703\" data-element_type=\"widget\" data-widget_type=\"divider.default\">\n\t\t\t\t<div class=\"elementor-widget-container\">\n\t\t\t\t\t\t\t<div class=\"elementor-divider\">\n\t\t\t<span class=\"elementor-divider-separator\">\n\t\t\t\t\t\t<\/span>\n\t\t<\/div>\n\t\t\t\t\t\t<\/div>\n\t\t\t\t<\/div>\n\t\t\t\t\t<\/div>\n\t\t<\/div>\n\t\t\t\t\t<\/div>\n\t\t<\/section>\n\t\t\t\t\t<\/div>\n\t\t<\/div>\n\t\t\t\t<div class=\"elementor-column elementor-col-50 elementor-top-column elementor-element elementor-element-fb46b7e\" data-id=\"fb46b7e\" data-element_type=\"column\">\n\t\t\t<div class=\"elementor-widget-wrap elementor-element-populated\">\n\t\t\t\t\t\t<div class=\"elementor-element elementor-element-f2c6428 elementor-widget elementor-widget-ha-icon-box happy-addon ha-icon-box\" data-id=\"f2c6428\" data-element_type=\"widget\" data-widget_type=\"ha-icon-box.default\">\n\t\t\t\t<div class=\"elementor-widget-container\">\n\t\t\t\n\t\t\n\t\t\t\t\t\t<span class=\"ha-icon-box-icon\">\n\t\t\t\t\t<svg class=\"e-font-icon-svg e-fab-wpforms\" viewbox=\"0 0 448 512\" xmlns=\"http:\/\/www.w3.org\/2000\/svg\"><path d=\"M448 75.2v361.7c0 24.3-19 43.2-43.2 43.2H43.2C19.3 480 0 461.4 0 436.8V75.2C0 51.1 18.8 32 43.2 32h361.7c24 0 43.1 18.8 43.1 43.2zm-37.3 361.6V75.2c0-3-2.6-5.8-5.8-5.8h-9.3L285.3 144 224 94.1 162.8 144 52.5 69.3h-9.3c-3.2 0-5.8 2.8-5.8 5.8v361.7c0 3 2.6 5.8 5.8 5.8h361.7c3.2.1 5.8-2.7 5.8-5.8zM150.2 186v37H76.7v-37h73.5zm0 74.4v37.3H76.7v-37.3h73.5zm11.1-147.3l54-43.7H96.8l64.5 43.7zm210 72.9v37h-196v-37h196zm0 74.4v37.3h-196v-37.3h196zm-84.6-147.3l64.5-43.7H232.8l53.9 43.7zM371.3 335v37.3h-99.4V335h99.4z\"><\/path><\/svg>\t\t\t\t<\/span>\n\t\t<h3 class=\"ha-icon-box-title\">L\u00e9pj\u00fcnk vel\u00fcnk kapcsolatba az al\u00e1bbi egyszer\u0171 \u0171rlap seg\u00edts\u00e9g\u00e9vel<\/h3>\t\t<\/div>\n\t\t\t\t<\/div>\n\t\t\t\t<div class=\"elementor-element elementor-element-e8e4bdf elementor-widget elementor-widget-ha-wpform happy-addon ha-wpform\" data-id=\"e8e4bdf\" data-element_type=\"widget\" data-widget_type=\"ha-wpform.default\">\n\t\t\t\t<div class=\"elementor-widget-container\">\n\t\t\t\t\t<style id=\"wpforms-css-vars-3543\">\n\t\t\t\t#wpforms-3543 {\n\t\t\t\t--wpforms-field-size-input-height: 43px;\n--wpforms-field-size-input-spacing: 15px;\n--wpforms-field-size-font-size: 16px;\n--wpforms-field-size-line-height: 19px;\n--wpforms-field-size-padding-h: 14px;\n--wpforms-field-size-checkbox-size: 16px;\n--wpforms-field-size-sublabel-spacing: 5px;\n--wpforms-field-size-icon-size: 1;\n--wpforms-label-size-font-size: 16px;\n--wpforms-label-size-line-height: 19px;\n--wpforms-label-size-sublabel-font-size: 14px;\n--wpforms-label-size-sublabel-line-height: 17px;\n--wpforms-button-size-font-size: 17px;\n--wpforms-button-size-height: 41px;\n--wpforms-button-size-padding-h: 15px;\n--wpforms-button-size-margin-top: 10px;\n--wpforms-container-shadow-size-box-shadow: none;\n\n\t\t\t}\n\t\t\t<\/style><div class=\"wpforms-container wpforms-container-full wpforms-render-modern\" id=\"wpforms-3543\"><form id=\"wpforms-form-3543\" class=\"wpforms-validate wpforms-form wpforms-ajax-form\" data-formid=\"3543\" method=\"post\" enctype=\"multipart\/form-data\" action=\"\/de\/wp-json\/wp\/v2\/pages\/4317\" data-token=\"e0340e2f25e8fd6bf2943857e12868f8\" data-token-time=\"1776977721\" data-trp-original-action=\"\/de\/wp-json\/wp\/v2\/pages\/4317\"><noscript class=\"wpforms-error-noscript\">Please enable JavaScript in your browser to complete this form.<\/noscript><div id=\"wpforms-error-noscript\" style=\"display: none;\">Please enable JavaScript in your browser to complete this form.<\/div><div class=\"wpforms-field-container\">\t\t<div id=\"wpforms-3543-field_4-container\"\n\t\t\tclass=\"wpforms-field wpforms-field-text\"\n\t\t\tdata-field-type=\"text\"\n\t\t\tdata-field-id=\"4\"\n\t\t\t>\n\t\t\t<label class=\"wpforms-field-label\" for=\"wpforms-3543-field_4\" >Message) Telefonsz\u00e1m (Comment<\/label>\n\t\t\t<input type=\"text\" id=\"wpforms-3543-field_4\" class=\"wpforms-field-medium\" name=\"wpforms[fields][4]\" >\n\t\t<\/div>\n\t\t<div id=\"wpforms-3543-field_1-container\" class=\"wpforms-field wpforms-field-name\" data-field-id=\"1\"><label class=\"wpforms-field-label\" for=\"wpforms-3543-field_1\">Name <span class=\"wpforms-required-label\" aria-hidden=\"true\">*<\/span><\/label><input type=\"text\" id=\"wpforms-3543-field_1\" class=\"wpforms-field-medium wpforms-field-required\" name=\"wpforms[fields][1]\" aria-errormessage=\"wpforms-3543-field_1-error\" required><\/div><div id=\"wpforms-3543-field_2-container\" class=\"wpforms-field wpforms-field-email\" data-field-id=\"2\"><label class=\"wpforms-field-label\" for=\"wpforms-3543-field_2\">Email <span class=\"wpforms-required-label\" aria-hidden=\"true\">*<\/span><\/label><input type=\"email\" id=\"wpforms-3543-field_2\" class=\"wpforms-field-medium wpforms-field-required\" data-rule-restricted-email=\"1\" name=\"wpforms[fields][2]\" spellcheck=\"false\" aria-errormessage=\"wpforms-3543-field_2-error\" required><\/div><div id=\"wpforms-3543-field_5-container\" class=\"wpforms-field wpforms-field-name\" data-field-id=\"5\"><label class=\"wpforms-field-label\" for=\"wpforms-3543-field_5\">Telefonnummer<\/label><input type=\"text\" id=\"wpforms-3543-field_5\" class=\"wpforms-field-medium\" name=\"wpforms[fields][5]\" aria-errormessage=\"wpforms-3543-field_5-error\" ><\/div><div id=\"wpforms-3543-field_3-container\" class=\"wpforms-field wpforms-field-textarea\" data-field-id=\"3\"><label class=\"wpforms-field-label\" for=\"wpforms-3543-field_3\">\u00cdrja le nagyvonalakban, hogy miben seg\u00edthet\u00fcnk, \u00e9s lehet\u0151 leggyorsabban felkeress\u00fck \u00f6nt. (Comment or Message)<\/label><textarea id=\"wpforms-3543-field_3\" class=\"wpforms-field-medium\" name=\"wpforms[fields][3]\" aria-errormessage=\"wpforms-3543-field_3-error\" ><\/textarea><\/div><script>\n\t\t\t\t( function() {\n\t\t\t\t\tconst style = document.createElement( 'style' );\n\t\t\t\t\tstyle.appendChild( document.createTextNode( '#wpforms-3543-field_4-container { position: absolute !important; overflow: hidden !important; display: inline !important; height: 1px !important; width: 1px !important; z-index: -1000 !important; padding: 0 !important; } #wpforms-3543-field_4-container input { visibility: hidden; } #wpforms-conversational-form-page #wpforms-3543-field_4-container label { counter-increment: none; }' ) );\n\t\t\t\t\tdocument.head.appendChild( style );\n\t\t\t\t\tdocument.currentScript?.remove();\n\t\t\t\t} )();\n\t\t\t<\/script><\/div><!-- .wpforms-field-container --><div class=\"wpforms-submit-container\" ><input type=\"hidden\" name=\"wpforms[id]\" value=\"3543\"><input type=\"hidden\" name=\"page_title\" value=\"\"><input type=\"hidden\" name=\"page_url\" value=\"https:\/\/group-lift.hu\/de\/wp-json\/wp\/v2\/pages\/4317\"><input type=\"hidden\" name=\"url_referer\" value=\"\"><button type=\"submit\" name=\"wpforms[submit]\" id=\"wpforms-submit-3543\" class=\"wpforms-submit\" data-alt-text=\"K\u00fcld\u00e9s alatt!\" data-submit-text=\"K\u00fcld\u00e9s\" aria-live=\"assertive\" value=\"wpforms-submit\">Senden<\/button><img decoding=\"async\" src=\"https:\/\/group-lift.hu\/wp-content\/plugins\/wpforms\/assets\/images\/submit-spin.svg\" class=\"wpforms-submit-spinner\" style=\"display: none;\" width=\"26\" height=\"26\" alt=\"Loading\"><\/div><input type=\"hidden\" name=\"trp-form-language\" value=\"de\"\/><\/form><\/div>  <!-- .wpforms-container -->\t\t\t\t<\/div>\n\t\t\t\t<\/div>\n\t\t\t\t\t<\/div>\n\t\t<\/div>\n\t\t\t\t\t<\/div>\n\t\t<\/section>\n\t\t\t\t<\/div>","protected":false},"excerpt":{"rendered":"<p>Panoramamagazin.hu Gondoljunk csak bele: nap mint nap csal\u00e1dok, id\u0151sek, gyermekek vagy mozg\u00e1sukban korl\u00e1tozott szem\u00e9lyek haszn\u00e1lj\u00e1k ezeket a berendez\u00e9seket. A hirtelen meghib\u00e1sod\u00e1s nemcsak kellemetlens\u00e9get, hanem val\u00f3di vesz\u00e9lyt is jelenthet. A karbantart\u00e1s sor\u00e1n a szakemberek alaposan \u00e1tvizsg\u00e1lj\u00e1k a lift minden elem\u00e9t \u2013 f\u00e9keket, ajt\u00f3z\u00e1rakat, vez\u00e9rl\u00e9st, k\u00e1beleket \u2013, \u00edgy garant\u00e1lva, hogy a rendszer megb\u00edzhat\u00f3an m\u0171k\u00f6dj\u00f6n. Elolvasom Lakbermagazin.hu A [&hellip;]<\/p>","protected":false},"author":1,"featured_media":3405,"parent":0,"menu_order":0,"comment_status":"closed","ping_status":"closed","template":"elementor_header_footer","meta":{"inline_featured_image":false,"footnotes":""},"class_list":["post-4317","page","type-page","status-publish","has-post-thumbnail","hentry","has-thumb"],"_links":{"self":[{"href":"https:\/\/group-lift.hu\/de\/wp-json\/wp\/v2\/pages\/4317","targetHints":{"allow":["GET"]}}],"collection":[{"href":"https:\/\/group-lift.hu\/de\/wp-json\/wp\/v2\/pages"}],"about":[{"href":"https:\/\/group-lift.hu\/de\/wp-json\/wp\/v2\/types\/page"}],"author":[{"embeddable":true,"href":"https:\/\/group-lift.hu\/de\/wp-json\/wp\/v2\/users\/1"}],"replies":[{"embeddable":true,"href":"https:\/\/group-lift.hu\/de\/wp-json\/wp\/v2\/comments?post=4317"}],"version-history":[{"count":12,"href":"https:\/\/group-lift.hu\/de\/wp-json\/wp\/v2\/pages\/4317\/revisions"}],"predecessor-version":[{"id":4331,"href":"https:\/\/group-lift.hu\/de\/wp-json\/wp\/v2\/pages\/4317\/revisions\/4331"}],"wp:featuredmedia":[{"embeddable":true,"href":"https:\/\/group-lift.hu\/de\/wp-json\/wp\/v2\/media\/3405"}],"wp:attachment":[{"href":"https:\/\/group-lift.hu\/de\/wp-json\/wp\/v2\/media?parent=4317"}],"curies":[{"name":"wp","href":"https:\/\/api.w.org\/{rel}","templated":true}]}}