{"id":46,"date":"2021-01-21T13:44:57","date_gmt":"2021-01-21T13:44:57","guid":{"rendered":"https:\/\/ld-wp73.template-help.com\/imperion\/securityguard\/?page_id=46"},"modified":"2026-01-14T11:20:02","modified_gmt":"2026-01-14T10:20:02","slug":"lift-felujitas-ingyenes-arajanlattal","status":"publish","type":"page","link":"https:\/\/group-lift.hu\/de\/lift-felujitas-ingyenes-arajanlattal\/","title":{"rendered":"Lift fel\u00faj\u00edt\u00e1s ingyenes \u00e1raj\u00e1nlattal"},"content":{"rendered":"<div data-elementor-type=\"wp-page\" data-elementor-id=\"46\" class=\"elementor elementor-46\" data-elementor-settings=\"{&quot;ha_cmc_init_switcher&quot;:&quot;no&quot;}\" data-elementor-post-type=\"page\">\n\t\t\t\t\t\t<section class=\"elementor-section elementor-top-section elementor-element elementor-element-c305a79 elementor-section-boxed elementor-section-height-default elementor-section-height-default\" data-id=\"c305a79\" data-element_type=\"section\" data-settings=\"{&quot;jet_parallax_layout_list&quot;:[{&quot;jet_parallax_layout_image&quot;:{&quot;url&quot;:&quot;&quot;,&quot;id&quot;:&quot;&quot;,&quot;size&quot;:&quot;&quot;},&quot;_id&quot;:&quot;301cdbe&quot;,&quot;jet_parallax_layout_image_tablet&quot;:{&quot;url&quot;:&quot;&quot;,&quot;id&quot;:&quot;&quot;,&quot;size&quot;:&quot;&quot;},&quot;jet_parallax_layout_image_mobile&quot;:{&quot;url&quot;:&quot;&quot;,&quot;id&quot;:&quot;&quot;,&quot;size&quot;:&quot;&quot;},&quot;jet_parallax_layout_speed&quot;:{&quot;unit&quot;:&quot;%&quot;,&quot;size&quot;:50,&quot;sizes&quot;:[]},&quot;jet_parallax_layout_type&quot;:&quot;scroll&quot;,&quot;jet_parallax_layout_direction&quot;:null,&quot;jet_parallax_layout_fx_direction&quot;:null,&quot;jet_parallax_layout_z_index&quot;:&quot;&quot;,&quot;jet_parallax_layout_bg_x&quot;:50,&quot;jet_parallax_layout_bg_x_tablet&quot;:&quot;&quot;,&quot;jet_parallax_layout_bg_x_mobile&quot;:&quot;&quot;,&quot;jet_parallax_layout_bg_y&quot;:50,&quot;jet_parallax_layout_bg_y_tablet&quot;:&quot;&quot;,&quot;jet_parallax_layout_bg_y_mobile&quot;:&quot;&quot;,&quot;jet_parallax_layout_bg_size&quot;:&quot;auto&quot;,&quot;jet_parallax_layout_bg_size_tablet&quot;:&quot;&quot;,&quot;jet_parallax_layout_bg_size_mobile&quot;:&quot;&quot;,&quot;jet_parallax_layout_animation_prop&quot;:&quot;transform&quot;,&quot;jet_parallax_layout_on&quot;:[&quot;desktop&quot;,&quot;tablet&quot;]}],&quot;_ha_eqh_enable&quot;:false}\">\n\t\t\t\t\t\t<div class=\"elementor-container elementor-column-gap-default\">\n\t\t\t\t\t<div class=\"elementor-column elementor-col-50 elementor-top-column elementor-element elementor-element-40e0341\" data-id=\"40e0341\" data-element_type=\"column\">\n\t\t\t<div class=\"elementor-widget-wrap elementor-element-populated\">\n\t\t\t\t\t\t<div class=\"elementor-element elementor-element-001df10 elementor-widget__width-initial elementor-widget-tablet__width-inherit elementor-widget elementor-widget-heading\" data-id=\"001df10\" data-element_type=\"widget\" data-widget_type=\"heading.default\">\n\t\t\t\t<div class=\"elementor-widget-container\">\n\t\t\t\t\t<h1 class=\"elementor-heading-title elementor-size-default\">Lift fel\u00faj\u00edt\u00e1sra lenne sz\u00fcks\u00e9ge? K\u00e9rjen t\u0151l\u00fcnk ingyenes \u00e1raj\u00e1nlatot!<\/h1>\t\t\t\t<\/div>\n\t\t\t\t<\/div>\n\t\t\t\t<div class=\"elementor-element elementor-element-cd5b2a6 elementor-widget__width-initial elementor-widget elementor-widget-text-editor\" data-id=\"cd5b2a6\" data-element_type=\"widget\" data-widget_type=\"text-editor.default\">\n\t\t\t\t<div class=\"elementor-widget-container\">\n\t\t\t\t\t\t\t\t\t<p>Mi\u00e9rt fontos jav\u00edtani, fel\u00faj\u00edtani ezeket a lifteket?<\/p>\t\t\t\t\t\t\t\t<\/div>\n\t\t\t\t<\/div>\n\t\t\t\t<div class=\"elementor-element elementor-element-391d435 elementor-icon-list--layout-traditional elementor-list-item-link-full_width elementor-widget elementor-widget-icon-list\" data-id=\"391d435\" data-element_type=\"widget\" data-widget_type=\"icon-list.default\">\n\t\t\t\t<div class=\"elementor-widget-container\">\n\t\t\t\t\t\t\t<ul class=\"elementor-icon-list-items\">\n\t\t\t\t\t\t\t<li class=\"elementor-icon-list-item\">\n\t\t\t\t\t\t\t\t\t\t\t<span class=\"elementor-icon-list-icon\">\n\t\t\t\t\t\t\t<svg xmlns=\"http:\/\/www.w3.org\/2000\/svg\" width=\"16\" height=\"13\" viewbox=\"0 0 16 13\" fill=\"none\"><path d=\"M13.9512 0L5.84141 9.09255L1.89853 5.45313L0 7.42677L5.99613 13L16 1.82075L13.9512 0Z\" fill=\"#111318\"><\/path><\/svg>\t\t\t\t\t\t<\/span>\n\t\t\t\t\t\t\t\t\t\t<span class=\"elementor-icon-list-text\">A r\u00e9gi liftek gyakran meghib\u00e1sodnak, lass\u00faak, zajosak, ami k\u00e9nyelmetlen a lak\u00f3knak \u00e9s dr\u00e1ga a jav\u00edttat\u00e1s.<\/span>\n\t\t\t\t\t\t\t\t\t<\/li>\n\t\t\t\t\t\t\t\t<li class=\"elementor-icon-list-item\">\n\t\t\t\t\t\t\t\t\t\t\t<span class=\"elementor-icon-list-icon\">\n\t\t\t\t\t\t\t<svg xmlns=\"http:\/\/www.w3.org\/2000\/svg\" width=\"16\" height=\"13\" viewbox=\"0 0 16 13\" fill=\"none\"><path d=\"M13.9512 0L5.84141 9.09255L1.89853 5.45313L0 7.42677L5.99613 13L16 1.82075L13.9512 0Z\" fill=\"#111318\"><\/path><\/svg>\t\t\t\t\t\t<\/span>\n\t\t\t\t\t\t\t\t\t\t<span class=\"elementor-icon-list-text\">Az \u00faj liftek kevesebb \u00e1ramot fogyasztanak, korszer\u0171 f\u00e9krendszerrel \u00e9s energiatakar\u00e9kos vil\u00e1g\u00edt\u00e1ssal m\u0171k\u00f6dnek.<\/span>\n\t\t\t\t\t\t\t\t\t<\/li>\n\t\t\t\t\t\t\t\t<li class=\"elementor-icon-list-item\">\n\t\t\t\t\t\t\t\t\t\t\t<span class=\"elementor-icon-list-icon\">\n\t\t\t\t\t\t\t<svg xmlns=\"http:\/\/www.w3.org\/2000\/svg\" width=\"16\" height=\"13\" viewbox=\"0 0 16 13\" fill=\"none\"><path d=\"M13.9512 0L5.84141 9.09255L1.89853 5.45313L0 7.42677L5.99613 13L16 1.82075L13.9512 0Z\" fill=\"#111318\"><\/path><\/svg>\t\t\t\t\t\t<\/span>\n\t\t\t\t\t\t\t\t\t\t<span class=\"elementor-icon-list-text\">A r\u00e9gi t\u00edpus\u00fa felvon\u00f3khoz sokszor m\u00e1r nem is gy\u00e1rtanak alkatr\u00e9szt, ez\u00e9rt a karbantart\u00e1s egyre nehezebb \u00e9s k\u00f6lts\u00e9gesebb.<\/span>\n\t\t\t\t\t\t\t\t\t<\/li>\n\t\t\t\t\t\t\t\t<li class=\"elementor-icon-list-item\">\n\t\t\t\t\t\t\t\t\t\t\t<span class=\"elementor-icon-list-icon\">\n\t\t\t\t\t\t\t<svg xmlns=\"http:\/\/www.w3.org\/2000\/svg\" width=\"16\" height=\"13\" viewbox=\"0 0 16 13\" fill=\"none\"><path d=\"M13.9512 0L5.84141 9.09255L1.89853 5.45313L0 7.42677L5.99613 13L16 1.82075L13.9512 0Z\" fill=\"#111318\"><\/path><\/svg>\t\t\t\t\t\t<\/span>\n\t\t\t\t\t\t\t\t\t\t<span class=\"elementor-icon-list-text\">Az \u00faj kabinok t\u00e1gasabbak, akad\u00e1lymentesek lehetnek (pl. kerekessz\u00e9kkel is haszn\u00e1lhat\u00f3k), m\u00edg a r\u00e9giek sz\u0171kek, nehezen megk\u00f6zel\u00edthet\u0151k.<\/span>\n\t\t\t\t\t\t\t\t\t<\/li>\n\t\t\t\t\t\t<\/ul>\n\t\t\t\t\t\t<\/div>\n\t\t\t\t<\/div>\n\t\t\t\t\t<\/div>\n\t\t<\/div>\n\t\t\t\t<div class=\"elementor-column elementor-col-50 elementor-top-column elementor-element elementor-element-b851745\" data-id=\"b851745\" data-element_type=\"column\">\n\t\t\t<div class=\"elementor-widget-wrap elementor-element-populated\">\n\t\t\t\t\t\t<div class=\"elementor-element elementor-element-5222fbf elementor-widget elementor-widget-image\" data-id=\"5222fbf\" data-element_type=\"widget\" data-widget_type=\"image.default\">\n\t\t\t\t<div class=\"elementor-widget-container\">\n\t\t\t\t\t\t\t\t\t\t\t\t\t\t\t<img fetchpriority=\"high\" decoding=\"async\" width=\"1024\" height=\"1024\" src=\"https:\/\/group-lift.hu\/wp-content\/uploads\/2025\/08\/PNG-image.png\" class=\"attachment-full size-full wp-image-3362\" alt=\"Liftet \u00e9s felvon\u00f3k szerviztel\u00e9se, jav\u00edt\u00e1sa, \u00e9s moderniz\u00e1l\u00e1sa\" srcset=\"https:\/\/group-lift.hu\/wp-content\/uploads\/2025\/08\/PNG-image.png 1024w, https:\/\/group-lift.hu\/wp-content\/uploads\/2025\/08\/PNG-image-300x300.png 300w, https:\/\/group-lift.hu\/wp-content\/uploads\/2025\/08\/PNG-image-100x100.png 100w, https:\/\/group-lift.hu\/wp-content\/uploads\/2025\/08\/PNG-image-600x600.png 600w\" sizes=\"(max-width: 1024px) 100vw, 1024px\" \/>\t\t\t\t\t\t\t\t\t\t\t\t\t\t\t<\/div>\n\t\t\t\t<\/div>\n\t\t\t\t\t<\/div>\n\t\t<\/div>\n\t\t\t\t\t<\/div>\n\t\t<\/section>\n\t\t\t\t<section class=\"elementor-section elementor-top-section elementor-element elementor-element-d38dcd8 elementor-section-boxed elementor-section-height-default elementor-section-height-default\" data-id=\"d38dcd8\" data-element_type=\"section\" data-settings=\"{&quot;jet_parallax_layout_list&quot;:[{&quot;jet_parallax_layout_image&quot;:{&quot;url&quot;:&quot;&quot;,&quot;id&quot;:&quot;&quot;,&quot;size&quot;:&quot;&quot;},&quot;_id&quot;:&quot;97fd8d9&quot;,&quot;jet_parallax_layout_image_tablet&quot;:{&quot;url&quot;:&quot;&quot;,&quot;id&quot;:&quot;&quot;,&quot;size&quot;:&quot;&quot;},&quot;jet_parallax_layout_image_mobile&quot;:{&quot;url&quot;:&quot;&quot;,&quot;id&quot;:&quot;&quot;,&quot;size&quot;:&quot;&quot;},&quot;jet_parallax_layout_speed&quot;:{&quot;unit&quot;:&quot;%&quot;,&quot;size&quot;:50,&quot;sizes&quot;:[]},&quot;jet_parallax_layout_type&quot;:&quot;scroll&quot;,&quot;jet_parallax_layout_direction&quot;:null,&quot;jet_parallax_layout_fx_direction&quot;:null,&quot;jet_parallax_layout_z_index&quot;:&quot;&quot;,&quot;jet_parallax_layout_bg_x&quot;:50,&quot;jet_parallax_layout_bg_x_tablet&quot;:&quot;&quot;,&quot;jet_parallax_layout_bg_x_mobile&quot;:&quot;&quot;,&quot;jet_parallax_layout_bg_y&quot;:50,&quot;jet_parallax_layout_bg_y_tablet&quot;:&quot;&quot;,&quot;jet_parallax_layout_bg_y_mobile&quot;:&quot;&quot;,&quot;jet_parallax_layout_bg_size&quot;:&quot;auto&quot;,&quot;jet_parallax_layout_bg_size_tablet&quot;:&quot;&quot;,&quot;jet_parallax_layout_bg_size_mobile&quot;:&quot;&quot;,&quot;jet_parallax_layout_animation_prop&quot;:&quot;transform&quot;,&quot;jet_parallax_layout_on&quot;:[&quot;desktop&quot;,&quot;tablet&quot;]}],&quot;background_background&quot;:&quot;classic&quot;,&quot;_ha_eqh_enable&quot;:false}\">\n\t\t\t\t\t\t<div class=\"elementor-container elementor-column-gap-default\">\n\t\t\t\t\t<div class=\"elementor-column elementor-col-50 elementor-top-column elementor-element elementor-element-626068c\" data-id=\"626068c\" data-element_type=\"column\">\n\t\t\t<div class=\"elementor-widget-wrap elementor-element-populated\">\n\t\t\t\t\t\t<div class=\"elementor-element elementor-element-a8bb6d8 elementor-widget__width-initial elementor-widget-tablet__width-inherit elementor-widget elementor-widget-heading\" data-id=\"a8bb6d8\" data-element_type=\"widget\" data-widget_type=\"heading.default\">\n\t\t\t\t<div class=\"elementor-widget-container\">\n\t\t\t\t\t<h1 class=\"elementor-heading-title elementor-size-default\">Lift fel\u00faj\u00edt\u00e1s folyamatai<\/h1>\t\t\t\t<\/div>\n\t\t\t\t<\/div>\n\t\t\t\t<div class=\"elementor-element elementor-element-46fd237 elementor-widget elementor-widget-image\" data-id=\"46fd237\" data-element_type=\"widget\" data-widget_type=\"image.default\">\n\t\t\t\t<div class=\"elementor-widget-container\">\n\t\t\t\t\t\t\t\t\t\t\t\t\t\t\t<img decoding=\"async\" width=\"1506\" height=\"1392\" src=\"https:\/\/group-lift.hu\/wp-content\/uploads\/2025\/09\/CleanShot-2025-09-09-at-11.56.03@2x.png\" class=\"attachment-full size-full wp-image-3782\" alt=\"\" srcset=\"https:\/\/group-lift.hu\/wp-content\/uploads\/2025\/09\/CleanShot-2025-09-09-at-11.56.03@2x.png 1506w, https:\/\/group-lift.hu\/wp-content\/uploads\/2025\/09\/CleanShot-2025-09-09-at-11.56.03@2x-600x555.png 600w\" sizes=\"(max-width: 1506px) 100vw, 1506px\" \/>\t\t\t\t\t\t\t\t\t\t\t\t\t\t\t<\/div>\n\t\t\t\t<\/div>\n\t\t\t\t\t<\/div>\n\t\t<\/div>\n\t\t\t\t<div class=\"elementor-column elementor-col-50 elementor-top-column elementor-element elementor-element-c1c967e\" data-id=\"c1c967e\" data-element_type=\"column\">\n\t\t\t<div class=\"elementor-widget-wrap elementor-element-populated\">\n\t\t\t\t\t\t<div class=\"elementor-element elementor-element-732955a elementor-widget__width-inherit elementor-widget elementor-widget-text-editor\" data-id=\"732955a\" data-element_type=\"widget\" data-widget_type=\"text-editor.default\">\n\t\t\t\t<div class=\"elementor-widget-container\">\n\t\t\t\t\t\t\t\t\t<p>Egy lift fel\u00faj\u00edt\u00e1sa el\u00e9g \u00f6sszetett folyamat, ami m\u0171szaki, biztons\u00e1gi \u00e9s eszt\u00e9tikai szempontokat is mag\u00e1ban foglal. A pontos menete att\u00f3l f\u00fcgg, hogy <strong data-start=\"148\" data-end=\"174\">r\u00e9szleges fel\u00faj\u00edt\u00e1sr\u00f3l<\/strong> (pl. kabin csere, vez\u00e9rl\u00e9s korszer\u0171s\u00edt\u00e9se) vagy <strong data-start=\"223\" data-end=\"249\">teljes moderniz\u00e1ci\u00f3r\u00f3l<\/strong> van sz\u00f3. \u00c1ltal\u00e1noss\u00e1gban \u00edgy zajlik:<\/p>\t\t\t\t\t\t\t\t<\/div>\n\t\t\t\t<\/div>\n\t\t\t\t<div class=\"elementor-element elementor-element-babd772 elementor-widget__width-inherit elementor-widget elementor-widget-text-editor\" data-id=\"babd772\" data-element_type=\"widget\" data-widget_type=\"text-editor.default\">\n\t\t\t\t<div class=\"elementor-widget-container\">\n\t\t\t\t\t\t\t\t\t<p>Felm\u00e9rik a megl\u00e9v\u0151 lift \u00e1llapot\u00e1t (kabin, g\u00e9ph\u00e1z, vez\u00e9rl\u00e9s, vezet\u0151s\u00ednek, ajt\u00f3k, biztons\u00e1gi berendez\u00e9sek).<\/p><ul><li>Motor, f\u00e9k, hajt\u00f3m\u0171 cser\u00e9je vagy fel\u00faj\u00edt\u00e1sa energiatakar\u00e9kos \u00e9s biztons\u00e1gos v\u00e1ltozatra.<\/li><li>R\u00e9gi rel\u00e9s\/anal\u00f3g vez\u00e9rl\u00e9st modern mikroprocesszoros vez\u00e9rl\u00e9s v\u00e1ltja fel, ami pontosabb, gyorsabb, energiatakar\u00e9kosabb.<\/li><li>V\u00e9szjelz\u0151, kommunik\u00e1ci\u00f3s rendszer, t\u00falsebess\u00e9g-g\u00e1tl\u00f3, ajt\u00f3\u00e9rz\u00e9kel\u0151k korszer\u0171s\u00edt\u00e9se.<\/li><li>Bels\u0151 burkolat csere, vil\u00e1g\u00edt\u00e1s LED-re, automata ajt\u00f3 beszerel\u00e9se (ha eddig k\u00e9zi volt).<\/li><li>Terhel\u00e9ses pr\u00f3b\u00e1k (ellen\u0151rzik a f\u00e9keket, biztons\u00e1gi berendez\u00e9seket).<\/li><li>A lift az EU \u00e9s magyar szabv\u00e1nyoknak (MSZ EN 81 sorozat, OTSZ, OTE) megfelel\u0151en kell, hogy m\u0171k\u00f6dj\u00f6n.<\/li><li>Jegyz\u0151k\u00f6nyv k\u00e9sz\u00fcl a sikeres vizsg\u00e1latr\u00f3l.<\/li><\/ul>\t\t\t\t\t\t\t\t<\/div>\n\t\t\t\t<\/div>\n\t\t\t\t\t<\/div>\n\t\t<\/div>\n\t\t\t\t\t<\/div>\n\t\t<\/section>\n\t\t\t\t<section class=\"elementor-section elementor-top-section elementor-element elementor-element-d79a58c elementor-section-boxed elementor-section-height-default elementor-section-height-default\" data-id=\"d79a58c\" data-element_type=\"section\" data-settings=\"{&quot;jet_parallax_layout_list&quot;:[{&quot;jet_parallax_layout_image&quot;:{&quot;url&quot;:&quot;&quot;,&quot;id&quot;:&quot;&quot;,&quot;size&quot;:&quot;&quot;},&quot;_id&quot;:&quot;a4a37ba&quot;,&quot;jet_parallax_layout_image_tablet&quot;:{&quot;url&quot;:&quot;&quot;,&quot;id&quot;:&quot;&quot;,&quot;size&quot;:&quot;&quot;},&quot;jet_parallax_layout_image_mobile&quot;:{&quot;url&quot;:&quot;&quot;,&quot;id&quot;:&quot;&quot;,&quot;size&quot;:&quot;&quot;},&quot;jet_parallax_layout_speed&quot;:{&quot;unit&quot;:&quot;%&quot;,&quot;size&quot;:50,&quot;sizes&quot;:[]},&quot;jet_parallax_layout_type&quot;:&quot;scroll&quot;,&quot;jet_parallax_layout_direction&quot;:null,&quot;jet_parallax_layout_fx_direction&quot;:null,&quot;jet_parallax_layout_z_index&quot;:&quot;&quot;,&quot;jet_parallax_layout_bg_x&quot;:50,&quot;jet_parallax_layout_bg_x_tablet&quot;:&quot;&quot;,&quot;jet_parallax_layout_bg_x_mobile&quot;:&quot;&quot;,&quot;jet_parallax_layout_bg_y&quot;:50,&quot;jet_parallax_layout_bg_y_tablet&quot;:&quot;&quot;,&quot;jet_parallax_layout_bg_y_mobile&quot;:&quot;&quot;,&quot;jet_parallax_layout_bg_size&quot;:&quot;auto&quot;,&quot;jet_parallax_layout_bg_size_tablet&quot;:&quot;&quot;,&quot;jet_parallax_layout_bg_size_mobile&quot;:&quot;&quot;,&quot;jet_parallax_layout_animation_prop&quot;:&quot;transform&quot;,&quot;jet_parallax_layout_on&quot;:[&quot;desktop&quot;,&quot;tablet&quot;]}],&quot;background_background&quot;:&quot;classic&quot;,&quot;_ha_eqh_enable&quot;:false}\">\n\t\t\t\t\t\t\t<div class=\"elementor-background-overlay\"><\/div>\n\t\t\t\t\t\t\t<div class=\"elementor-container elementor-column-gap-default\">\n\t\t\t\t\t<div class=\"elementor-column elementor-col-50 elementor-top-column elementor-element elementor-element-18461f2\" data-id=\"18461f2\" data-element_type=\"column\">\n\t\t\t<div class=\"elementor-widget-wrap elementor-element-populated\">\n\t\t\t\t\t\t<div class=\"elementor-element elementor-element-01e0a13 elementor-widget__width-inherit elementor-widget-tablet__width-initial elementor-widget-mobile__width-inherit elementor-widget elementor-widget-heading\" data-id=\"01e0a13\" data-element_type=\"widget\" data-widget_type=\"heading.default\">\n\t\t\t\t<div class=\"elementor-widget-container\">\n\t\t\t\t\t<h3 class=\"elementor-heading-title elementor-size-default\">Fordern Sie ein kostenloses Angebot an!<\/h3>\t\t\t\t<\/div>\n\t\t\t\t<\/div>\n\t\t\t\t<div class=\"elementor-element elementor-element-4e579f5 elementor-widget-divider--view-line elementor-widget elementor-widget-divider\" data-id=\"4e579f5\" data-element_type=\"widget\" data-widget_type=\"divider.default\">\n\t\t\t\t<div class=\"elementor-widget-container\">\n\t\t\t\t\t\t\t<div class=\"elementor-divider\">\n\t\t\t<span class=\"elementor-divider-separator\">\n\t\t\t\t\t\t<\/span>\n\t\t<\/div>\n\t\t\t\t\t\t<\/div>\n\t\t\t\t<\/div>\n\t\t\t\t<div class=\"elementor-element elementor-element-412a6ed elementor-widget__width-initial elementor-widget-tablet__width-initial elementor-widget-mobile__width-inherit elementor-widget elementor-widget-text-editor\" data-id=\"412a6ed\" data-element_type=\"widget\" data-widget_type=\"text-editor.default\">\n\t\t\t\t<div class=\"elementor-widget-container\">\n\t\t\t\t\t\t\t\t\t<p>Wir bieten eine kostenlose Diagnose Ihres Aufzugs an, bei der wir bewerten, welche Komponenten zu Fehlfunktionen oder Unf\u00e4llen f\u00fchren k\u00f6nnten, und identifizieren die notwendigen Arbeiten, um sicherzustellen, dass der Aufzug den aktuellen und zuk\u00fcnftigen Vorschriften entspricht.<\/p><p>Nach der Bewertung schlagen wir au\u00dferdem einen geplanten Modernisierungsplan vor, der es Ihnen erm\u00f6glicht, Ihre Aufzugskosten langfristig zu planen.<\/p>\t\t\t\t\t\t\t\t<\/div>\n\t\t\t\t<\/div>\n\t\t\t\t<div class=\"elementor-element elementor-element-0a68f04 elementor-widget-divider--view-line elementor-widget elementor-widget-divider\" data-id=\"0a68f04\" data-element_type=\"widget\" data-widget_type=\"divider.default\">\n\t\t\t\t<div class=\"elementor-widget-container\">\n\t\t\t\t\t\t\t<div class=\"elementor-divider\">\n\t\t\t<span class=\"elementor-divider-separator\">\n\t\t\t\t\t\t<\/span>\n\t\t<\/div>\n\t\t\t\t\t\t<\/div>\n\t\t\t\t<\/div>\n\t\t\t\t\t<\/div>\n\t\t<\/div>\n\t\t\t\t<div class=\"elementor-column elementor-col-50 elementor-top-column elementor-element elementor-element-6b7eafb\" data-id=\"6b7eafb\" data-element_type=\"column\">\n\t\t\t<div class=\"elementor-widget-wrap elementor-element-populated\">\n\t\t\t\t\t\t<div class=\"elementor-element elementor-element-876df2c elementor-widget elementor-widget-ha-wpform happy-addon ha-wpform\" data-id=\"876df2c\" data-element_type=\"widget\" data-widget_type=\"ha-wpform.default\">\n\t\t\t\t<div class=\"elementor-widget-container\">\n\t\t\t\t\t<style id=\"wpforms-css-vars-3543\">\n\t\t\t\t#wpforms-3543 {\n\t\t\t\t--wpforms-field-size-input-height: 43px;\n--wpforms-field-size-input-spacing: 15px;\n--wpforms-field-size-font-size: 16px;\n--wpforms-field-size-line-height: 19px;\n--wpforms-field-size-padding-h: 14px;\n--wpforms-field-size-checkbox-size: 16px;\n--wpforms-field-size-sublabel-spacing: 5px;\n--wpforms-field-size-icon-size: 1;\n--wpforms-label-size-font-size: 16px;\n--wpforms-label-size-line-height: 19px;\n--wpforms-label-size-sublabel-font-size: 14px;\n--wpforms-label-size-sublabel-line-height: 17px;\n--wpforms-button-size-font-size: 17px;\n--wpforms-button-size-height: 41px;\n--wpforms-button-size-padding-h: 15px;\n--wpforms-button-size-margin-top: 10px;\n--wpforms-container-shadow-size-box-shadow: none;\n\n\t\t\t}\n\t\t\t<\/style><div class=\"wpforms-container wpforms-container-full wpforms-render-modern\" id=\"wpforms-3543\"><form id=\"wpforms-form-3543\" class=\"wpforms-validate wpforms-form wpforms-ajax-form\" data-formid=\"3543\" method=\"post\" enctype=\"multipart\/form-data\" action=\"\/de\/wp-json\/wp\/v2\/pages\/46\" data-token=\"35735f28bc48ff3bbc7f1642394a0d50\" data-token-time=\"1777760723\" data-trp-original-action=\"\/de\/wp-json\/wp\/v2\/pages\/46\"><noscript class=\"wpforms-error-noscript\">Please enable JavaScript in your browser to complete this form.<\/noscript><div id=\"wpforms-error-noscript\" style=\"display: none;\">Please enable JavaScript in your browser to complete this form.<\/div><div class=\"wpforms-field-container\">\t\t<div id=\"wpforms-3543-field_4-container\"\n\t\t\tclass=\"wpforms-field wpforms-field-text\"\n\t\t\tdata-field-type=\"text\"\n\t\t\tdata-field-id=\"4\"\n\t\t\t>\n\t\t\t<label class=\"wpforms-field-label\" for=\"wpforms-3543-field_4\" >nagyvonalakban, N\u00e9v le<\/label>\n\t\t\t<input type=\"text\" id=\"wpforms-3543-field_4\" class=\"wpforms-field-medium\" name=\"wpforms[fields][4]\" >\n\t\t<\/div>\n\t\t<div id=\"wpforms-3543-field_1-container\" class=\"wpforms-field wpforms-field-name\" data-field-id=\"1\"><label class=\"wpforms-field-label\" for=\"wpforms-3543-field_1\">Name <span class=\"wpforms-required-label\" aria-hidden=\"true\">*<\/span><\/label><input type=\"text\" id=\"wpforms-3543-field_1\" class=\"wpforms-field-medium wpforms-field-required\" name=\"wpforms[fields][1]\" aria-errormessage=\"wpforms-3543-field_1-error\" required><\/div><div id=\"wpforms-3543-field_2-container\" class=\"wpforms-field wpforms-field-email\" data-field-id=\"2\"><label class=\"wpforms-field-label\" for=\"wpforms-3543-field_2\">Email <span class=\"wpforms-required-label\" aria-hidden=\"true\">*<\/span><\/label><input type=\"email\" id=\"wpforms-3543-field_2\" class=\"wpforms-field-medium wpforms-field-required\" data-rule-restricted-email=\"1\" name=\"wpforms[fields][2]\" spellcheck=\"false\" aria-errormessage=\"wpforms-3543-field_2-error\" required><\/div><div id=\"wpforms-3543-field_5-container\" class=\"wpforms-field wpforms-field-name\" data-field-id=\"5\"><label class=\"wpforms-field-label\" for=\"wpforms-3543-field_5\">Telefonnummer<\/label><input type=\"text\" id=\"wpforms-3543-field_5\" class=\"wpforms-field-medium\" name=\"wpforms[fields][5]\" aria-errormessage=\"wpforms-3543-field_5-error\" ><\/div><div id=\"wpforms-3543-field_3-container\" class=\"wpforms-field wpforms-field-textarea\" data-field-id=\"3\"><label class=\"wpforms-field-label\" for=\"wpforms-3543-field_3\">\u00cdrja le nagyvonalakban, hogy miben seg\u00edthet\u00fcnk, \u00e9s lehet\u0151 leggyorsabban felkeress\u00fck \u00f6nt. (Comment or Message)<\/label><textarea id=\"wpforms-3543-field_3\" class=\"wpforms-field-medium\" name=\"wpforms[fields][3]\" aria-errormessage=\"wpforms-3543-field_3-error\" ><\/textarea><\/div><script>\n\t\t\t\t( function() {\n\t\t\t\t\tconst style = document.createElement( 'style' );\n\t\t\t\t\tstyle.appendChild( document.createTextNode( '#wpforms-3543-field_4-container { position: absolute !important; overflow: hidden !important; display: inline !important; height: 1px !important; width: 1px !important; z-index: -1000 !important; padding: 0 !important; } #wpforms-3543-field_4-container input { visibility: hidden; } #wpforms-conversational-form-page #wpforms-3543-field_4-container label { counter-increment: none; }' ) );\n\t\t\t\t\tdocument.head.appendChild( style );\n\t\t\t\t\tdocument.currentScript?.remove();\n\t\t\t\t} )();\n\t\t\t<\/script><\/div><!-- .wpforms-field-container --><div class=\"wpforms-submit-container\" ><input type=\"hidden\" name=\"wpforms[id]\" value=\"3543\"><input type=\"hidden\" name=\"page_title\" value=\"\"><input type=\"hidden\" name=\"page_url\" value=\"https:\/\/group-lift.hu\/de\/wp-json\/wp\/v2\/pages\/46\"><input type=\"hidden\" name=\"url_referer\" value=\"\"><button type=\"submit\" name=\"wpforms[submit]\" id=\"wpforms-submit-3543\" class=\"wpforms-submit\" data-alt-text=\"K\u00fcld\u00e9s alatt!\" data-submit-text=\"K\u00fcld\u00e9s\" aria-live=\"assertive\" value=\"wpforms-submit\">Senden<\/button><img decoding=\"async\" src=\"https:\/\/group-lift.hu\/wp-content\/plugins\/wpforms\/assets\/images\/submit-spin.svg\" class=\"wpforms-submit-spinner\" style=\"display: none;\" width=\"26\" height=\"26\" alt=\"Loading\"><\/div><input type=\"hidden\" name=\"trp-form-language\" value=\"de\"\/><\/form><\/div>  <!-- .wpforms-container -->\t\t\t\t<\/div>\n\t\t\t\t<\/div>\n\t\t\t\t\t<\/div>\n\t\t<\/div>\n\t\t\t\t\t<\/div>\n\t\t<\/section>\n\t\t\t\t<\/div>","protected":false},"excerpt":{"rendered":"<p>Lift fel\u00faj\u00edt\u00e1sra lenne sz\u00fcks\u00e9ge? K\u00e9rjen t\u0151l\u00fcnk ingyenes \u00e1raj\u00e1nlatot! Mi\u00e9rt fontos jav\u00edtani, fel\u00faj\u00edtani ezeket a lifteket? A r\u00e9gi liftek gyakran meghib\u00e1sodnak, lass\u00faak, zajosak, ami k\u00e9nyelmetlen a lak\u00f3knak \u00e9s dr\u00e1ga a jav\u00edttat\u00e1s. Az \u00faj liftek kevesebb \u00e1ramot fogyasztanak, korszer\u0171 f\u00e9krendszerrel \u00e9s energiatakar\u00e9kos vil\u00e1g\u00edt\u00e1ssal m\u0171k\u00f6dnek. A r\u00e9gi t\u00edpus\u00fa felvon\u00f3khoz sokszor m\u00e1r nem is gy\u00e1rtanak alkatr\u00e9szt, ez\u00e9rt a karbantart\u00e1s [&hellip;]<\/p>","protected":false},"author":1,"featured_media":3775,"parent":0,"menu_order":0,"comment_status":"closed","ping_status":"closed","template":"elementor_header_footer","meta":{"inline_featured_image":false,"footnotes":""},"class_list":["post-46","page","type-page","status-publish","has-post-thumbnail","hentry","has-thumb"],"_links":{"self":[{"href":"https:\/\/group-lift.hu\/de\/wp-json\/wp\/v2\/pages\/46","targetHints":{"allow":["GET"]}}],"collection":[{"href":"https:\/\/group-lift.hu\/de\/wp-json\/wp\/v2\/pages"}],"about":[{"href":"https:\/\/group-lift.hu\/de\/wp-json\/wp\/v2\/types\/page"}],"author":[{"embeddable":true,"href":"https:\/\/group-lift.hu\/de\/wp-json\/wp\/v2\/users\/1"}],"replies":[{"embeddable":true,"href":"https:\/\/group-lift.hu\/de\/wp-json\/wp\/v2\/comments?post=46"}],"version-history":[{"count":20,"href":"https:\/\/group-lift.hu\/de\/wp-json\/wp\/v2\/pages\/46\/revisions"}],"predecessor-version":[{"id":4357,"href":"https:\/\/group-lift.hu\/de\/wp-json\/wp\/v2\/pages\/46\/revisions\/4357"}],"wp:featuredmedia":[{"embeddable":true,"href":"https:\/\/group-lift.hu\/de\/wp-json\/wp\/v2\/media\/3775"}],"wp:attachment":[{"href":"https:\/\/group-lift.hu\/de\/wp-json\/wp\/v2\/media?parent=46"}],"curies":[{"name":"wp","href":"https:\/\/api.w.org\/{rel}","templated":true}]}}